{"id":86,"date":"2024-09-22T16:49:22","date_gmt":"2024-09-22T14:49:22","guid":{"rendered":"https:\/\/mulatieredavenir.com\/?page_id=86"},"modified":"2024-10-01T23:24:28","modified_gmt":"2024-10-01T21:24:28","slug":"actualites","status":"publish","type":"page","link":"https:\/\/mulatieredavenir.com\/","title":{"rendered":"Actualit\u00e9s"},"content":{"rendered":"\n<div class=\"wp-block-columns is-layout-flex wp-container-core-columns-is-layout-28f84493 wp-block-columns-is-layout-flex\">\n<div class=\"wp-block-column is-layout-flow wp-block-column-is-layout-flow\"><\/div>\n\n\n\n<div class=\"wp-block-column is-layout-flow wp-block-column-is-layout-flow\"><\/div>\n<\/div>\n\n\n\n<div class=\"wp-block-query is-layout-flow wp-block-query-is-layout-flow\"><ul class=\"wp-block-post-template is-layout-constrained wp-container-core-post-template-is-layout-11d8cbc4 wp-block-post-template-is-layout-constrained\"><li class=\"wp-block-post post-299 post type-post status-publish format-standard has-post-thumbnail hentry category-position\">\n\n<div class=\"wp-block-columns alignwide is-layout-flex wp-container-core-columns-is-layout-28f84493 wp-block-columns-is-layout-flex\">\n<div class=\"wp-block-column is-layout-flow wp-block-column-is-layout-flow\" style=\"flex-basis:66.66%\"><figure class=\"wp-block-post-featured-image\"><a href=\"https:\/\/mulatieredavenir.com\/index.php\/2024\/10\/05\/299\/\" target=\"_self\"  ><img loading=\"lazy\" decoding=\"async\" width=\"1246\" height=\"558\" src=\"https:\/\/mulatieredavenir.com\/wp-content\/uploads\/2024\/10\/lyonmag.jpg\" class=\"attachment-post-thumbnail size-post-thumbnail wp-post-image\" alt=\"La Mulati\u00e8re d&rsquo;Avenir au micro de LyonMag\" style=\"object-fit:cover;\" srcset=\"https:\/\/mulatieredavenir.com\/wp-content\/uploads\/2024\/10\/lyonmag.jpg 1246w, https:\/\/mulatieredavenir.com\/wp-content\/uploads\/2024\/10\/lyonmag-300x134.jpg 300w, https:\/\/mulatieredavenir.com\/wp-content\/uploads\/2024\/10\/lyonmag-1024x459.jpg 1024w, https:\/\/mulatieredavenir.com\/wp-content\/uploads\/2024\/10\/lyonmag-768x344.jpg 768w, https:\/\/mulatieredavenir.com\/wp-content\/uploads\/2024\/10\/lyonmag-200x90.jpg 200w\" sizes=\"auto, (max-width: 1246px) 100vw, 1246px\" \/><\/a><\/figure><\/div>\n\n\n\n<div class=\"wp-block-column is-layout-flow wp-block-column-is-layout-flow\" style=\"flex-basis:33.33%\"><h2 class=\"wp-block-post-title\"><a href=\"https:\/\/mulatieredavenir.com\/index.php\/2024\/10\/05\/299\/\" target=\"_self\" >La Mulati\u00e8re d&rsquo;Avenir au micro de LyonMag<\/a><\/h2>\n\n<div class=\"wp-block-post-excerpt\"><p class=\"wp-block-post-excerpt__excerpt\">Afin de mieux comprendre les \u00e9v\u00e9nements qui se d\u00e9roulent \u00e0 La Mulati\u00e8re depuis quelques semaines, voici l&rsquo;interview que LyonMag a accord\u00e9 \u00e0 Maxime Bost sur l&rsquo;actualit\u00e9 communale. Clarifier notre position, \u00e9num\u00e9rer nos actions au c\u0153ur de cette crise in\u00e9dite, et surtout affirmer nos positions. <\/p><\/div><\/div>\n<\/div>\n\n<\/li><li class=\"wp-block-post post-362 post type-post status-publish format-standard has-post-thumbnail hentry category-position\">\n\n<div class=\"wp-block-columns alignwide is-layout-flex wp-container-core-columns-is-layout-28f84493 wp-block-columns-is-layout-flex\">\n<div class=\"wp-block-column is-layout-flow wp-block-column-is-layout-flow\" style=\"flex-basis:66.66%\"><figure class=\"wp-block-post-featured-image\"><a href=\"https:\/\/mulatieredavenir.com\/index.php\/2024\/10\/21\/voeu-adopte-en-faveur-des-plus-precaires\/\" target=\"_self\"  ><img loading=\"lazy\" decoding=\"async\" width=\"2560\" height=\"1920\" src=\"https:\/\/mulatieredavenir.com\/wp-content\/uploads\/2024\/10\/IMG_20241021_075057-scaled.jpg\" class=\"attachment-post-thumbnail size-post-thumbnail wp-post-image\" alt=\"voeu adopt\u00e9 en faveur des plus pr\u00e9caires\" style=\"object-fit:cover;\" srcset=\"https:\/\/mulatieredavenir.com\/wp-content\/uploads\/2024\/10\/IMG_20241021_075057-scaled.jpg 2560w, https:\/\/mulatieredavenir.com\/wp-content\/uploads\/2024\/10\/IMG_20241021_075057-300x225.jpg 300w, https:\/\/mulatieredavenir.com\/wp-content\/uploads\/2024\/10\/IMG_20241021_075057-1024x768.jpg 1024w, https:\/\/mulatieredavenir.com\/wp-content\/uploads\/2024\/10\/IMG_20241021_075057-768x576.jpg 768w, https:\/\/mulatieredavenir.com\/wp-content\/uploads\/2024\/10\/IMG_20241021_075057-1536x1152.jpg 1536w, https:\/\/mulatieredavenir.com\/wp-content\/uploads\/2024\/10\/IMG_20241021_075057-2048x1536.jpg 2048w, https:\/\/mulatieredavenir.com\/wp-content\/uploads\/2024\/10\/IMG_20241021_075057-200x150.jpg 200w\" sizes=\"auto, (max-width: 2560px) 100vw, 2560px\" \/><\/a><\/figure><\/div>\n\n\n\n<div class=\"wp-block-column is-layout-flow wp-block-column-is-layout-flow\" style=\"flex-basis:33.33%\"><h2 class=\"wp-block-post-title\"><a href=\"https:\/\/mulatieredavenir.com\/index.php\/2024\/10\/21\/voeu-adopte-en-faveur-des-plus-precaires\/\" target=\"_self\" >voeu adopt\u00e9 en faveur des plus pr\u00e9caires<\/a><\/h2>\n\n<div class=\"wp-block-post-excerpt\"><p class=\"wp-block-post-excerpt__excerpt\">Le Conseil Municipal du 14 octobre 2024, bien que particuli\u00e8rement houleux du fait de l&rsquo;actualit\u00e9, a \u00e9t\u00e9 l&rsquo;occasion pour l&rsquo;\u00e9quipe municipale \u00ab\u00a0La Mulati\u00e8re d&rsquo;Avenir\u00a0\u00bb d&rsquo;affirmer ses positions et d&rsquo;agir. Nombreux sont celles et ceux qui nous ont interrog\u00e9. Pourquoi n&rsquo;avons nous pas, a notre tour, d\u00e9missionn\u00e9 ? Convaincus du bien fond\u00e9 de notre engagement pour\u2026 <\/p><\/div><\/div>\n<\/div>\n\n<\/li><li class=\"wp-block-post post-137 post type-post status-publish format-standard has-post-thumbnail hentry category-position tag-environnement\">\n\n<div class=\"wp-block-columns alignwide is-layout-flex wp-container-core-columns-is-layout-28f84493 wp-block-columns-is-layout-flex\">\n<div class=\"wp-block-column is-layout-flow wp-block-column-is-layout-flow\" style=\"flex-basis:66.66%\"><figure class=\"wp-block-post-featured-image\"><a href=\"https:\/\/mulatieredavenir.com\/index.php\/2024\/09\/22\/lutte-contre-la-proliferation-des-moustiques-et-pour-la-preservation-de-la-biodiversite\/\" target=\"_self\"  ><img loading=\"lazy\" decoding=\"async\" width=\"589\" height=\"314\" src=\"https:\/\/mulatieredavenir.com\/wp-content\/uploads\/2024\/10\/Capture.jpg\" class=\"attachment-post-thumbnail size-post-thumbnail wp-post-image\" alt=\"Lutte contre la prolif\u00e9ration des moustiques et pour la pr\u00e9servation de la biodiversit\u00e9\" style=\"object-fit:cover;\" srcset=\"https:\/\/mulatieredavenir.com\/wp-content\/uploads\/2024\/10\/Capture.jpg 589w, https:\/\/mulatieredavenir.com\/wp-content\/uploads\/2024\/10\/Capture-300x160.jpg 300w, https:\/\/mulatieredavenir.com\/wp-content\/uploads\/2024\/10\/Capture-200x107.jpg 200w\" sizes=\"auto, (max-width: 589px) 100vw, 589px\" \/><\/a><\/figure><\/div>\n\n\n\n<div class=\"wp-block-column is-layout-flow wp-block-column-is-layout-flow\" style=\"flex-basis:33.33%\"><h2 class=\"wp-block-post-title\"><a href=\"https:\/\/mulatieredavenir.com\/index.php\/2024\/09\/22\/lutte-contre-la-proliferation-des-moustiques-et-pour-la-preservation-de-la-biodiversite\/\" target=\"_self\" >Lutte contre la prolif\u00e9ration des moustiques et pour la pr\u00e9servation de la biodiversit\u00e9<\/a><\/h2>\n\n<div class=\"wp-block-post-excerpt\"><p class=\"wp-block-post-excerpt__excerpt\">L&rsquo;automne arrive, et sonne le glas des invasions des nuisibles, et notamment celle des moustiques &#8230; d&rsquo;ici l&rsquo;arriv\u00e9e du nouveau printemps. Consciente de la probl\u00e9matique sanitaire et environnementale, mais aussi consciente des nuisances li\u00e9es \u00e0 la prolif\u00e9ration des moustiques sur notre commune, mais aussi sur l&rsquo;ensemble du territoire m\u00e9tropolitain, l&rsquo;\u00e9quipe de La Mulati\u00e8re d&rsquo;Avenir \u00e9mis\u2026 <\/p><\/div><\/div>\n<\/div>\n\n<\/li><\/ul><\/div>\n\n\n\n<div class=\"wp-block-group is-content-justification-center is-nowrap is-layout-flex wp-container-core-group-is-layout-23441af8 wp-block-group-is-layout-flex\">\n<div class=\"wp-block-group is-vertical is-layout-flex wp-container-core-group-is-layout-fe9cc265 wp-block-group-is-layout-flex\">\n<div class=\"wp-block-columns is-layout-flex wp-container-core-columns-is-layout-28f84493 wp-block-columns-is-layout-flex\">\n<div class=\"wp-block-column is-layout-flow wp-block-column-is-layout-flow\" style=\"flex-basis:100%\"><\/div>\n<\/div>\n<\/div>\n\n\n<\/div>\n\n\n\n<p><\/p>\n","protected":false},"excerpt":{"rendered":"","protected":false},"author":1,"featured_media":0,"parent":0,"menu_order":0,"comment_status":"closed","ping_status":"closed","template":"","meta":{"footnotes":""},"class_list":["post-86","page","type-page","status-publish","hentry"],"_links":{"self":[{"href":"https:\/\/mulatieredavenir.com\/index.php\/wp-json\/wp\/v2\/pages\/86","targetHints":{"allow":["GET"]}}],"collection":[{"href":"https:\/\/mulatieredavenir.com\/index.php\/wp-json\/wp\/v2\/pages"}],"about":[{"href":"https:\/\/mulatieredavenir.com\/index.php\/wp-json\/wp\/v2\/types\/page"}],"author":[{"embeddable":true,"href":"https:\/\/mulatieredavenir.com\/index.php\/wp-json\/wp\/v2\/users\/1"}],"replies":[{"embeddable":true,"href":"https:\/\/mulatieredavenir.com\/index.php\/wp-json\/wp\/v2\/comments?post=86"}],"version-history":[{"count":8,"href":"https:\/\/mulatieredavenir.com\/index.php\/wp-json\/wp\/v2\/pages\/86\/revisions"}],"predecessor-version":[{"id":241,"href":"https:\/\/mulatieredavenir.com\/index.php\/wp-json\/wp\/v2\/pages\/86\/revisions\/241"}],"wp:attachment":[{"href":"https:\/\/mulatieredavenir.com\/index.php\/wp-json\/wp\/v2\/media?parent=86"}],"curies":[{"name":"wp","href":"https:\/\/api.w.org\/{rel}","templated":true}]}}